{"id":293,"date":"2024-07-25T17:10:28","date_gmt":"2024-07-25T17:10:28","guid":{"rendered":"https:\/\/wir-gegen-rechts.at\/?page_id=293"},"modified":"2026-01-27T11:41:22","modified_gmt":"2026-01-27T10:41:22","slug":"argumentationstrainings","status":"publish","type":"page","link":"https:\/\/wir-gegen-rechts.at\/en\/argumentationstrainings\/","title":{"rendered":"argumentationstrainings"},"content":{"rendered":"<figure class=\"wp-block-image aligncenter size-large\"><img loading=\"lazy\" decoding=\"async\" width=\"1024\" height=\"1024\" src=\"https:\/\/wir-gegen-rechts.at\/wp-content\/uploads\/2024\/07\/argumentationstrainings-Sept-1024x1024.png\" alt=\"\" class=\"wp-image-298\" style=\"aspect-ratio:16\/9;object-fit:cover\" srcset=\"https:\/\/wir-gegen-rechts.at\/wp-content\/uploads\/2024\/07\/argumentationstrainings-Sept-1024x1024.png 1024w, https:\/\/wir-gegen-rechts.at\/wp-content\/uploads\/2024\/07\/argumentationstrainings-Sept-300x300.png 300w, https:\/\/wir-gegen-rechts.at\/wp-content\/uploads\/2024\/07\/argumentationstrainings-Sept-150x150.png 150w, https:\/\/wir-gegen-rechts.at\/wp-content\/uploads\/2024\/07\/argumentationstrainings-Sept-768x768.png 768w, https:\/\/wir-gegen-rechts.at\/wp-content\/uploads\/2024\/07\/argumentationstrainings-Sept-12x12.png 12w, https:\/\/wir-gegen-rechts.at\/wp-content\/uploads\/2024\/07\/argumentationstrainings-Sept.png 1080w\" sizes=\"auto, (max-width: 1024px) 100vw, 1024px\" \/><\/figure>\n\n\n\n<h3 class=\"wp-block-heading\">Content<\/h3>\n\n\n\n<p>The argumentation training against right-wing slogans seeks answers to aggressive \/ stereotypical \/ marginalising statements and offers an opportunity to collect arguments and practise counter-strategies together.<br>Please note: training sessions are held in German. Instead of whisper translation, training sessions in other languages can be requested. <\/p>\n\n\n\n<p>Wir sammeln bekannte \u201cParolen\u201d &#8211; oft diskriminierende, generalisierende, schlagwortartig vorgebrachte \u00c4u\u00dferungen, wie &#8222;Alle Schwarzen sind &#8230;&#8220;, &#8222;Die Frauen sollen doch&#8230;&#8220;, etc. In \u00dcbungssituationen werden diese eingebracht und m\u00f6gliche Reaktionsweisen darauf erprobt. Durch anschlie\u00dfende Analyse auf emotionaler, rhetorischer und inhaltlicher Ebene sowie durch Entwicklung von treffsicheren Argumenten werden Kommunikationsstrategien ausgearbeitet. Wir sammeln auch Argumente die im aktuellen Diskurs und Wahlkampf vorgebracht werden k\u00f6nnen. Damit k\u00f6nnen wir gest\u00e4rkt im Alltag und in bewusst gesuchten Gespr\u00e4chen f\u00fcr einen menschenfreundlichen Umgang eintreten.<\/p>\n\n\n\n<p class=\"translation-block\">Please write to us, if you want to participate in a training in English: info@wir-gegen-rechts.at \nWe would also love to offer trainings in other languages - if you or any comrades would be able to offer trainings after a short train the trainer session in English or German, please write us too!<\/p>\n\n\n\n<h3 class=\"wp-block-heading\">Dates<\/h3>\n\n\n\n<ul class=\"wp-block-list\">\n<li>6. September<\/li>\n\n\n\n<li>12. September<\/li>\n\n\n\n<li>19. September<\/li>\n\n\n\n<li>26. September<\/li>\n<\/ul>\n\n\n\n<p><strong>Time: <\/strong>Trainings will run from 5pm to 8pm.<br><strong>Venue:<\/strong> VHS Ottakring (Rauminfo nach Anmeldung)<\/p>\n\n\n\n<h3 class=\"wp-block-heading\">Registration - is absolutely necessary!<\/h3>\n\n\n\n<p>Please register online <strong>at least 3 days before the date<\/strong> online an, dann bekommst du die Detailinfos. Alle Trainings finden in Wien auf Deutsch statt. (Die Anmeldung ist nicht mehr m\u00f6glich.)<\/p>\n\n\n\n<p class=\"translation-block\"><strong>Fees?<br><\/strong>Trainings are free of charge. However, if you can, please support our work by<a href=\"https:\/\/www.gofundme.com\/f\/wir-gegen-rechts\" target=\"_self\"> donating via Crowdfunding.<\/a><\/p>\n\n\n\n<div class=\"wp-block-buttons is-content-justification-center is-layout-flex wp-container-core-buttons-is-layout-a89b3969 wp-block-buttons-is-layout-flex\">\n<div class=\"wp-block-button\"><a class=\"wp-block-button__link wp-element-button\" href=\"https:\/\/www.gofundme.com\/f\/wir-gegen-rechts\"><strong>Yes, I can support you!<\/strong><\/a><\/div>\n<\/div>\n\n\n\n<div style=\"height:44px\" aria-hidden=\"true\" class=\"wp-block-spacer\"><\/div>\n\n\n\n<h3 class=\"wp-block-heading\">Too busy?<\/h3>\n\n\n\n<p>You can also organize your own argumentation training at any time, for example by contacting <a href=\"https:\/\/www.politischebildung.at\/bildungsangebote\/argumentationstraining-gegen-stammtischparolen\/\">the pool of trainers here.<\/a> We can also help you find locations and make announcements!<\/p>","protected":false},"excerpt":{"rendered":"<p>Inhalt Das Argumentationstraining gegen rechte Parolen sucht Antworten auf aggresive \/ stereotype \/ ausgrenzende Statements und bietet eine M\u00f6glichkeit, Argumente zu sammeln und gemeinsam Gegenstrategien zu \u00fcben.Achtung: Trainings finden auf [&hellip;]<\/p>\n","protected":false},"author":2,"featured_media":0,"parent":0,"menu_order":0,"comment_status":"closed","ping_status":"closed","template":"","meta":{"_EventAllDay":false,"_EventTimezone":"","_EventStartDate":"","_EventEndDate":"","_EventStartDateUTC":"","_EventEndDateUTC":"","_EventShowMap":false,"_EventShowMapLink":false,"_EventURL":"","_EventCost":"","_EventCostDescription":"","_EventCurrencySymbol":"","_EventCurrencyCode":"","_EventCurrencyPosition":"","_EventDateTimeSeparator":"","_EventTimeRangeSeparator":"","_EventOrganizerID":[],"_EventVenueID":[],"_OrganizerEmail":"","_OrganizerPhone":"","_OrganizerWebsite":"","_VenueAddress":"","_VenueCity":"","_VenueCountry":"","_VenueProvince":"","_VenueState":"","_VenueZip":"","_VenuePhone":"","_VenueURL":"","_VenueStateProvince":"","_VenueLat":"","_VenueLng":"","_VenueShowMap":false,"_VenueShowMapLink":false,"footnotes":""},"class_list":["post-293","page","type-page","status-publish","hentry"],"_links":{"self":[{"href":"https:\/\/wir-gegen-rechts.at\/en\/wp-json\/wp\/v2\/pages\/293","targetHints":{"allow":["GET"]}}],"collection":[{"href":"https:\/\/wir-gegen-rechts.at\/en\/wp-json\/wp\/v2\/pages"}],"about":[{"href":"https:\/\/wir-gegen-rechts.at\/en\/wp-json\/wp\/v2\/types\/page"}],"author":[{"embeddable":true,"href":"https:\/\/wir-gegen-rechts.at\/en\/wp-json\/wp\/v2\/users\/2"}],"replies":[{"embeddable":true,"href":"https:\/\/wir-gegen-rechts.at\/en\/wp-json\/wp\/v2\/comments?post=293"}],"version-history":[{"count":21,"href":"https:\/\/wir-gegen-rechts.at\/en\/wp-json\/wp\/v2\/pages\/293\/revisions"}],"predecessor-version":[{"id":1356,"href":"https:\/\/wir-gegen-rechts.at\/en\/wp-json\/wp\/v2\/pages\/293\/revisions\/1356"}],"wp:attachment":[{"href":"https:\/\/wir-gegen-rechts.at\/en\/wp-json\/wp\/v2\/media?parent=293"}],"curies":[{"name":"wp","href":"https:\/\/api.w.org\/{rel}","templated":true}]}}