{"id":33,"date":"2024-06-04T17:30:52","date_gmt":"2024-06-04T17:30:52","guid":{"rendered":"https:\/\/wir-gegen-rechts.at\/?page_id=33"},"modified":"2026-01-27T11:39:12","modified_gmt":"2026-01-27T10:39:12","slug":"ueber","status":"publish","type":"page","link":"https:\/\/wir-gegen-rechts.at\/en\/ueber\/","title":{"rendered":"WE* and you!"},"content":{"rendered":"<p><strong>&#8222;WIR* gegen rechts&#8220; sind wir alle.<\/strong> Wir sind eine lose Gruppe von Menschen, die Sorge wegen des massiven Rechtsrucks in \u00d6sterreich und in Europa haben. Wir wissen, dass wir unterschiedliche Hintergr\u00fcnde und Meinungen haben. Wir m\u00fcssen nicht immer einer Meinung sein. Aber wir m\u00fcssen <strong>gemeinsam gegen rechts<\/strong> stehen. Wir wissen noch nicht, wo uns dieser Weg hin f\u00fchrt, aber wir wissen: Wir wollen etwas tun! Jetzt.<\/p>\n\n\n\n<p>And we know: Others are worried too and do not want to stay inactive either. So join forces - then change will become possible! Plus:<\/p>\n\n\n\n<blockquote class=\"wp-block-quote is-layout-flow wp-block-quote-is-layout-flow\">\n<p><em>Hope leads us to (positive) action. And action leads us to hope!<\/em><br>&#8211; Joanna Macy<\/p>\n<\/blockquote>\n\n\n\n<p class=\"translation-block\">This is almost the whole story. There is not so much more that could be told about us*. <strong>But we wrote some more paragraphs for all the sceptical and curious folks out there.<\/strong> First and foremost: we are not part of or working for any political party, nor for any confession group, thinktank or bigger association. We are just a loose group of people, who did not want to stay idle anymore. We also did not receive any funding, except via crowdfunding. (and the message is: you can do the same!)<\/p>\n\n\n<div ><style>#sp-ea-323 .spcollapsing { height: 0; overflow: hidden; transition-property: height;transition-duration: 300ms;}#sp-ea-323.sp-easy-accordion>.sp-ea-single {margin-bottom: 10px; border: 1px solid #e2e2e2; }#sp-ea-323.sp-easy-accordion>.sp-ea-single>.ea-header a {color: #444;}#sp-ea-323.sp-easy-accordion>.sp-ea-single>.sp-collapse>.ea-body {background: #fff; color: #444;}#sp-ea-323.sp-easy-accordion>.sp-ea-single {background: #eee;}#sp-ea-323.sp-easy-accordion>.sp-ea-single>.ea-header a .ea-expand-icon { float: left; color: #444;font-size: 16px;}<\/style><div id=\"sp_easy_accordion-1721933078\"><div id=\"sp-ea-323\" class=\"sp-ea-one sp-easy-accordion\" data-ea-active=\"ea-click\" data-ea-mode=\"vertical\" data-preloader=\"\" data-scroll-active-item=\"\" data-offset-to-scroll=\"0\"><div class=\"ea-card sp-ea-single\"><h3 class=\"ea-header\"><a class=\"collapsed\" id=\"ea-header-3230\" role=\"button\" data-sptoggle=\"spcollapse\" data-sptarget=\"#collapse3230\" aria-controls=\"collapse3230\" href=\"#\" aria-expanded=\"false\" tabindex=\"0\"><i aria-hidden=\"true\" role=\"presentation\" class=\"ea-expand-icon eap-icon-ea-expand-plus\"><\/i> The whole story<\/a><\/h3><div class=\"sp-collapse spcollapse spcollapse\" id=\"collapse3230\" data-parent=\"#sp-ea-323\" role=\"region\" aria-labelledby=\"ea-header-3230\"> <div class=\"ea-body\"><p>Mich hat der deutlich sp\u00fcrbare Rechtsruck schon einige Monate lang richtig runter gezogen. Im Winter 2023\/2024 war schon klar, wie die &#8222;Sonntagsfrage&#8220; in \u00d6sterreich meist ausf\u00e4llt und wie eine Nationalratswahl im Herbst 2024 ausgehen w\u00fcrde. Dieser Rechtsruck schien so intensiv und gleichzeitig so schwer greifbar, dass eine Mischung aus Frustration und Ratlosigkeit dazu gef\u00fchrt hatte, dass ich resigniert habe. Bis ich am 16. April einen Vortrag von Dr. Krini Kafiris dar\u00fcber h\u00f6rte, wie die Zivilgesellschaft in Griechenland die neofaschistische &#8222;Golden Dawn&#8220; besiegt hatte. Die Partei war verboten worden und die rechtsradikalen Umtriebe hatten \u00fcberall intensiven Gegenwind. Doch <strong>das war nicht nur ein inspirierender Vortrag.<\/strong> Am Nachhauseweg haben sich noch Manche dar\u00fcber ausgetauscht und dabei bemerkt, dass es <em>uns allen genau gleich ging:<\/em> alle 3, 4 Menschen die wir auf die Stra\u00dfenbahn warteten, waren resigniert (was tut man gegen den Rechtsruck?) und f\u00fchlten sich damit alleine (ich kenn grad keine ganz niederschwelligen M\u00f6glichkeiten etwas zu tun). Eine Sekunde sp\u00e4ter war klar: <strong>Wenn wir uns zusammentun, sind wir nicht mehr allein, sondern wir k\u00f6nnen auch anfangen etwas zu tun.<\/strong> Ideen h\u00e4tten wir ja!<\/p><p class=\"translation-block\"><strong>What a great feeling! <\/strong> Gone was the hopelessness - simply because we were starting to take our first steps - and the loneliness and frustration of just standing by and doing nothing. We then agreed to meet up again a week later and start by designing posters against the right. Then everything else followed!<\/p><\/div><\/div><\/div><div class=\"ea-card sp-ea-single\"><h3 class=\"ea-header\"><a class=\"collapsed\" id=\"ea-header-3231\" role=\"button\" data-sptoggle=\"spcollapse\" data-sptarget=\"#collapse3231\" aria-controls=\"collapse3231\" href=\"#\" aria-expanded=\"false\" tabindex=\"0\"><i aria-hidden=\"true\" role=\"presentation\" class=\"ea-expand-icon eap-icon-ea-expand-plus\"><\/i> Why \"against\"?<\/a><\/h3><div class=\"sp-collapse spcollapse spcollapse\" id=\"collapse3231\" data-parent=\"#sp-ea-323\" role=\"region\" aria-labelledby=\"ea-header-3231\"> <div class=\"ea-body\"><p>Ganz einfach, wenn wir \u00fcberlegen, wof\u00fcr wir eintreten wollen, l\u00e4sst sich gro\u00dfartig diskutieren und streiten. Vieles w\u00fcrde uns verbinden: Solidarit\u00e4t, Menschenrechte, Geschlechtergerechtigkeit, Antirassismus, und so weiter. Steuergerechtigkeit, Umweltschutz, Arbeitszeitreduktion,&#8230; Wo f\u00e4ngt der Dissens an? Wo geht es um verschiedene Priorit\u00e4ten? Wo sind wir uns noch \u00fcber Ziele einig, aber wollen sie auf verschiedenen Wegen erreichen?<\/p><p>Was uns eint ist, dass wir entschieden und klar gegen den Rechtsrutsch eintreten wollen.<br \/>Wir wollen nicht l\u00e4nger zusehen, wie Ausgrenzung, Polarisierung, Hass(botschaften), Diskriminierungen zunehmen. Und all das sehen wir deutlich kommen und zementiert, je m\u00e4chtiger die FP\u00d6 wird. Darum treten wir mit allen Mitteln dagegen ein. Rechtsextremismus und Faschismus sind keine Meinungen, sondern Verbrechen.<\/p><\/div><\/div><\/div><div class=\"ea-card sp-ea-single\"><h3 class=\"ea-header\"><a class=\"collapsed\" id=\"ea-header-3232\" role=\"button\" data-sptoggle=\"spcollapse\" data-sptarget=\"#collapse3232\" aria-controls=\"collapse3232\" href=\"#\" aria-expanded=\"false\" tabindex=\"0\"><i aria-hidden=\"true\" role=\"presentation\" class=\"ea-expand-icon eap-icon-ea-expand-plus\"><\/i> Participate?<\/a><\/h3><div class=\"sp-collapse spcollapse spcollapse\" id=\"collapse3232\" data-parent=\"#sp-ea-323\" role=\"region\" aria-labelledby=\"ea-header-3232\"> <div class=\"ea-body\"><p>Wir sind eine lose Gruppe von Menschen, die Sorge wegen des Rechtsrutsches haben. Wir haben viele Ideen und wir laden alle, die sich ebenfalls Sorgen machen, dazu ein, selber aktiv zu werden. Ja, du kannst uns unterst\u00fctzen und ja, wir m\u00f6chten niederschwellige Mitmach.-M\u00f6glichkeiten schaffen (Trainings, Posteraktionen, Haust\u00fcrgespr\u00e4che, etc.). Aber DU kannst auch einfach 2 oder 3 andere Menschen in deinem Umfeld finden, die ebenfalls gegen rechts aktiv werden m\u00f6chten. Tut euch zusammen und schnappt euch einfach eine <a href=\"https:\/\/wir-gegen-rechts.at\/en\/was-tun\/#ideen\">You can also find some inspirations here.<\/a>.<\/p><\/div><\/div><\/div><\/div><\/div><\/div>\n\n\n<p>You can get in contact with us via e-mail: info (at) wir-gegen-rechts.at or at www.instagram.com\/wir.gegenrechts<\/p>","protected":false},"excerpt":{"rendered":"<p>&#8222;WIR* gegen rechts&#8220; sind wir alle. Wir sind eine lose Gruppe von Menschen, die Sorge wegen des massiven Rechtsrucks in \u00d6sterreich und in Europa haben. Wir wissen, dass wir unterschiedliche [&hellip;]<\/p>\n","protected":false},"author":1,"featured_media":0,"parent":0,"menu_order":0,"comment_status":"closed","ping_status":"closed","template":"","meta":{"_EventAllDay":false,"_EventTimezone":"","_EventStartDate":"","_EventEndDate":"","_EventStartDateUTC":"","_EventEndDateUTC":"","_EventShowMap":false,"_EventShowMapLink":false,"_EventURL":"","_EventCost":"","_EventCostDescription":"","_EventCurrencySymbol":"","_EventCurrencyCode":"","_EventCurrencyPosition":"","_EventDateTimeSeparator":"","_EventTimeRangeSeparator":"","_EventOrganizerID":[],"_EventVenueID":[],"_OrganizerEmail":"","_OrganizerPhone":"","_OrganizerWebsite":"","_VenueAddress":"","_VenueCity":"","_VenueCountry":"","_VenueProvince":"","_VenueState":"","_VenueZip":"","_VenuePhone":"","_VenueURL":"","_VenueStateProvince":"","_VenueLat":"","_VenueLng":"","_VenueShowMap":false,"_VenueShowMapLink":false,"footnotes":""},"class_list":["post-33","page","type-page","status-publish","hentry"],"_links":{"self":[{"href":"https:\/\/wir-gegen-rechts.at\/en\/wp-json\/wp\/v2\/pages\/33","targetHints":{"allow":["GET"]}}],"collection":[{"href":"https:\/\/wir-gegen-rechts.at\/en\/wp-json\/wp\/v2\/pages"}],"about":[{"href":"https:\/\/wir-gegen-rechts.at\/en\/wp-json\/wp\/v2\/types\/page"}],"author":[{"embeddable":true,"href":"https:\/\/wir-gegen-rechts.at\/en\/wp-json\/wp\/v2\/users\/1"}],"replies":[{"embeddable":true,"href":"https:\/\/wir-gegen-rechts.at\/en\/wp-json\/wp\/v2\/comments?post=33"}],"version-history":[{"count":13,"href":"https:\/\/wir-gegen-rechts.at\/en\/wp-json\/wp\/v2\/pages\/33\/revisions"}],"predecessor-version":[{"id":1355,"href":"https:\/\/wir-gegen-rechts.at\/en\/wp-json\/wp\/v2\/pages\/33\/revisions\/1355"}],"wp:attachment":[{"href":"https:\/\/wir-gegen-rechts.at\/en\/wp-json\/wp\/v2\/media?parent=33"}],"curies":[{"name":"wp","href":"https:\/\/api.w.org\/{rel}","templated":true}]}}