{"id":331,"date":"2024-07-30T07:29:14","date_gmt":"2024-07-30T07:29:14","guid":{"rendered":"https:\/\/wir-gegen-rechts.at\/?page_id=331"},"modified":"2026-01-27T11:40:23","modified_gmt":"2026-01-27T10:40:23","slug":"gespraechstrainings","status":"publish","type":"page","link":"https:\/\/wir-gegen-rechts.at\/en\/gespraechstrainings\/","title":{"rendered":"Gespr\u00e4chtrainings"},"content":{"rendered":"<p><em>Wir wollten das Gespr\u00e4ch suchen &#8211; nicht prim\u00e4r, um Menschen zu \u00fcberreden (wir werben f\u00fcr keine politische Partei!), sondern auch, um die Sorgen und Situationen von dir und anderen besser zu verstehen. Wir glauben auch, dass sich Frust und Unzufriedenheit nicht mit einer Stimme f\u00fcr die FP\u00d6 im September entladen muss. Wenn wir aufeinander zugehen, uns zuh\u00f6ren, merken wir, dass wir oft von den gleichen Problemen und Verschlechterungen betroffen sind &#8211; und dann k\u00f6nnen wir gemeinsame und solidarische L\u00f6sungen finden. <\/em><\/p>\n\n\n\n<h3 class=\"wp-block-heading\">Our Plan<\/h3>\n\n\n\n<p>\ud83d\udc65 Wir bereitetenn Menschen in <strong>Trainings<\/strong> darauf vor, offene Gespr\u00e4che mit Nachbar:innen, Kolleg:innen, Verwandten zu f\u00fchren. Diese Trainings sind sehr kurz und praxisorientiert &#8211; es geht um ein paar Hintergrundinfos und vorbereitete Materialien, aber vor allem ums Ausprobieren in einem gesch\u00fctzten Rahmen.<\/p>\n\n\n\n<p>\ud83d\udc69\u200d\ud83d\udc69\u200d\ud83d\udc67\u200d\ud83d\udc67 So enstand <strong>ab August ein gro\u00dfer Pool<\/strong> an Menschen, die motiviert und vorbereitet daf\u00fcr sind, Gespr\u00e4che zu f\u00fchren.<\/p>\n\n\n\n<p>\ud83d\udcac Danach organisierten wir viele <strong>Gespr\u00e4chs-Aktionen vor der Wahl<\/strong>, bei denen wir zuh\u00f6ren und Alternativen suchten. Vor allem richteten wir uns dabei an Nicht-W\u00e4hler:innen, Protestw\u00e4hler:innen oder Unentschlossene. Wir haben die Wahl!<\/p>","protected":false},"excerpt":{"rendered":"<p>Wir wollten das Gespr\u00e4ch suchen &#8211; nicht prim\u00e4r, um Menschen zu \u00fcberreden (wir werben f\u00fcr keine politische Partei!), sondern auch, um die Sorgen und Situationen von dir und anderen besser [&hellip;]<\/p>\n","protected":false},"author":2,"featured_media":0,"parent":0,"menu_order":0,"comment_status":"closed","ping_status":"closed","template":"","meta":{"_EventAllDay":false,"_EventTimezone":"","_EventStartDate":"","_EventEndDate":"","_EventStartDateUTC":"","_EventEndDateUTC":"","_EventShowMap":false,"_EventShowMapLink":false,"_EventURL":"","_EventCost":"","_EventCostDescription":"","_EventCurrencySymbol":"","_EventCurrencyCode":"","_EventCurrencyPosition":"","_EventDateTimeSeparator":"","_EventTimeRangeSeparator":"","_EventOrganizerID":[],"_EventVenueID":[],"_OrganizerEmail":"","_OrganizerPhone":"","_OrganizerWebsite":"","_VenueAddress":"","_VenueCity":"","_VenueCountry":"","_VenueProvince":"","_VenueState":"","_VenueZip":"","_VenuePhone":"","_VenueURL":"","_VenueStateProvince":"","_VenueLat":"","_VenueLng":"","_VenueShowMap":false,"_VenueShowMapLink":false,"footnotes":""},"class_list":["post-331","page","type-page","status-publish","hentry"],"_links":{"self":[{"href":"https:\/\/wir-gegen-rechts.at\/en\/wp-json\/wp\/v2\/pages\/331","targetHints":{"allow":["GET"]}}],"collection":[{"href":"https:\/\/wir-gegen-rechts.at\/en\/wp-json\/wp\/v2\/pages"}],"about":[{"href":"https:\/\/wir-gegen-rechts.at\/en\/wp-json\/wp\/v2\/types\/page"}],"author":[{"embeddable":true,"href":"https:\/\/wir-gegen-rechts.at\/en\/wp-json\/wp\/v2\/users\/2"}],"replies":[{"embeddable":true,"href":"https:\/\/wir-gegen-rechts.at\/en\/wp-json\/wp\/v2\/comments?post=331"}],"version-history":[{"count":9,"href":"https:\/\/wir-gegen-rechts.at\/en\/wp-json\/wp\/v2\/pages\/331\/revisions"}],"predecessor-version":[{"id":1357,"href":"https:\/\/wir-gegen-rechts.at\/en\/wp-json\/wp\/v2\/pages\/331\/revisions\/1357"}],"wp:attachment":[{"href":"https:\/\/wir-gegen-rechts.at\/en\/wp-json\/wp\/v2\/media?parent=331"}],"curies":[{"name":"wp","href":"https:\/\/api.w.org\/{rel}","templated":true}]}}