{"id":394,"date":"2024-08-11T06:21:22","date_gmt":"2024-08-11T06:21:22","guid":{"rendered":"https:\/\/wir-gegen-rechts.at\/?page_id=394"},"modified":"2025-03-31T17:14:32","modified_gmt":"2025-03-31T15:14:32","slug":"downloads","status":"publish","type":"page","link":"https:\/\/wir-gegen-rechts.at\/en\/downloads\/","title":{"rendered":"Downloads"},"content":{"rendered":"<p>alle Materialien, die wir produzieren kannst du ver\u00e4ndern, online verbreiten, drucken, erg\u00e4nzen etc. Wir freuen uns, wenn neue oder alte Versionen bei Demos, Infol\u00e4den, Postk\u00e4sten oder Parkb\u00e4nken auftauchen. <\/p>\n\n\n\n<ul class=\"wp-block-list\">\n<li><a href=\"https:\/\/wir-gegen-rechts.at\/wp-content\/uploads\/2025\/03\/Neu_WIR_5Schritte_50Ideen.pdf\">5 Schritte zu deiner gegen-rechts-Gruppe und 50 Aktionsideen (DE)<\/a><\/li>\n\n\n\n<li><a href=\"https:\/\/wir-gegen-rechts.at\/wp-content\/uploads\/2025\/03\/Neu_WIR_50inspirations-eng.pdf\">50 Inspirations for your against-the-right-group and 50 action ideas (EN)<\/a><\/li>\n\n\n\n<li><a href=\"https:\/\/wir-gegen-rechts.at\/wp-content\/uploads\/2025\/03\/Neu_WIR_-sind-viele_a5_2seitenproblatt.pdf\">5 Schritte und 30 Aktionsideen (DE, Brosch\u00fcrendruck)<\/a><\/li>\n\n\n\n<li><a href=\"https:\/\/wir-gegen-rechts.at\/wp-content\/uploads\/2025\/03\/Neu_WIR_-sind-viele_a5_1seiteproblatt.pdf\">5 Schritte und 30 Aktionsideen (DE, 4 Seiten fortlaufend)<\/a><\/li>\n\n\n\n<li><a href=\"https:\/\/wir-gegen-rechts.at\/wp-content\/uploads\/2024\/06\/WGR-einzeln-Instagram-Post1.zip\">&#8222;Wir* gegen rechts&#8220;-Grafik in vielen Sprachen<\/a><\/li>\n\n\n\n<li><a href=\"https:\/\/wir-gegen-rechts.at\/wp-content\/uploads\/2024\/09\/3-Argumente-gegen-die-FPO-3.pdf\">Flyer zum drucken und verteilen: &#8222;Diese Parteien bringen uns (nicht) nach vorn!<\/a>&#8220; (Nationalratswahl 24)<\/li>\n<\/ul>\n\n\n\n<p><\/p>","protected":false},"excerpt":{"rendered":"<p>alle Materialien, die wir produzieren kannst du ver\u00e4ndern, online verbreiten, drucken, erg\u00e4nzen etc. Wir freuen uns, wenn neue oder alte Versionen bei Demos, Infol\u00e4den, Postk\u00e4sten oder Parkb\u00e4nken auftauchen.<\/p>","protected":false},"author":2,"featured_media":0,"parent":0,"menu_order":0,"comment_status":"closed","ping_status":"closed","template":"","meta":{"_EventAllDay":false,"_EventTimezone":"","_EventStartDate":"","_EventEndDate":"","_EventStartDateUTC":"","_EventEndDateUTC":"","_EventShowMap":false,"_EventShowMapLink":false,"_EventURL":"","_EventCost":"","_EventCostDescription":"","_EventCurrencySymbol":"","_EventCurrencyCode":"","_EventCurrencyPosition":"","_EventDateTimeSeparator":"","_EventTimeRangeSeparator":"","_EventOrganizerID":[],"_EventVenueID":[],"_OrganizerEmail":"","_OrganizerPhone":"","_OrganizerWebsite":"","_VenueAddress":"","_VenueCity":"","_VenueCountry":"","_VenueProvince":"","_VenueState":"","_VenueZip":"","_VenuePhone":"","_VenueURL":"","_VenueStateProvince":"","_VenueLat":"","_VenueLng":"","_VenueShowMap":false,"_VenueShowMapLink":false,"footnotes":""},"class_list":["post-394","page","type-page","status-publish","hentry"],"_links":{"self":[{"href":"https:\/\/wir-gegen-rechts.at\/en\/wp-json\/wp\/v2\/pages\/394","targetHints":{"allow":["GET"]}}],"collection":[{"href":"https:\/\/wir-gegen-rechts.at\/en\/wp-json\/wp\/v2\/pages"}],"about":[{"href":"https:\/\/wir-gegen-rechts.at\/en\/wp-json\/wp\/v2\/types\/page"}],"author":[{"embeddable":true,"href":"https:\/\/wir-gegen-rechts.at\/en\/wp-json\/wp\/v2\/users\/2"}],"replies":[{"embeddable":true,"href":"https:\/\/wir-gegen-rechts.at\/en\/wp-json\/wp\/v2\/comments?post=394"}],"version-history":[{"count":23,"href":"https:\/\/wir-gegen-rechts.at\/en\/wp-json\/wp\/v2\/pages\/394\/revisions"}],"predecessor-version":[{"id":1126,"href":"https:\/\/wir-gegen-rechts.at\/en\/wp-json\/wp\/v2\/pages\/394\/revisions\/1126"}],"wp:attachment":[{"href":"https:\/\/wir-gegen-rechts.at\/en\/wp-json\/wp\/v2\/media?parent=394"}],"curies":[{"name":"wp","href":"https:\/\/api.w.org\/{rel}","templated":true}]}}