{"id":41,"date":"2024-06-04T17:42:35","date_gmt":"2024-06-04T17:42:35","guid":{"rendered":"https:\/\/wir-gegen-rechts.at\/?page_id=41"},"modified":"2026-01-27T11:33:17","modified_gmt":"2026-01-27T10:33:17","slug":"plakate","status":"publish","type":"page","link":"https:\/\/wir-gegen-rechts.at\/en\/plakate\/","title":{"rendered":"Posters"},"content":{"rendered":"\n<p>Wir haben Plakate, Sticker und Flyer gestaltet, um \u00fcberall sichtbar zu machen, dass der Widerstand gegen den Rechtsrutsch gro\u00df ist. <strong>Du kannst sie per Mail bestellen<\/strong>: info[\u00e4t]wir-gegen-rechts.at<\/p>\n\n\n\n<div class=\"wp-block-columns is-layout-flex wp-container-core-columns-is-layout-28f84493 wp-block-columns-is-layout-flex\">\n<div class=\"wp-block-column is-layout-flow wp-block-column-is-layout-flow\">\n<figure class=\"wp-block-image size-large\"><img loading=\"lazy\" decoding=\"async\" width=\"724\" height=\"1024\" src=\"https:\/\/wir-gegen-rechts.at\/wp-content\/uploads\/2024\/06\/WIRgegenrechts-724x1024.jpg\" alt=\"\" class=\"wp-image-104\" srcset=\"https:\/\/wir-gegen-rechts.at\/wp-content\/uploads\/2024\/06\/WIRgegenrechts-724x1024.jpg 724w, https:\/\/wir-gegen-rechts.at\/wp-content\/uploads\/2024\/06\/WIRgegenrechts-212x300.jpg 212w, https:\/\/wir-gegen-rechts.at\/wp-content\/uploads\/2024\/06\/WIRgegenrechts-768x1086.jpg 768w, https:\/\/wir-gegen-rechts.at\/wp-content\/uploads\/2024\/06\/WIRgegenrechts-1086x1536.jpg 1086w, https:\/\/wir-gegen-rechts.at\/wp-content\/uploads\/2024\/06\/WIRgegenrechts-1448x2048.jpg 1448w, https:\/\/wir-gegen-rechts.at\/wp-content\/uploads\/2024\/06\/WIRgegenrechts.jpg 1587w\" sizes=\"auto, (max-width: 724px) 100vw, 724px\" \/><\/figure>\n<\/div>\n\n\n\n<div class=\"wp-block-column is-layout-flow wp-block-column-is-layout-flow\">\n<figure class=\"wp-block-image size-large\"><img loading=\"lazy\" decoding=\"async\" width=\"724\" height=\"1024\" src=\"https:\/\/wir-gegen-rechts.at\/wp-content\/uploads\/2024\/06\/ALLE-mosaik-blau-724x1024.jpg\" alt=\"\" class=\"wp-image-106\" srcset=\"https:\/\/wir-gegen-rechts.at\/wp-content\/uploads\/2024\/06\/ALLE-mosaik-blau-724x1024.jpg 724w, https:\/\/wir-gegen-rechts.at\/wp-content\/uploads\/2024\/06\/ALLE-mosaik-blau-212x300.jpg 212w, https:\/\/wir-gegen-rechts.at\/wp-content\/uploads\/2024\/06\/ALLE-mosaik-blau-768x1086.jpg 768w, https:\/\/wir-gegen-rechts.at\/wp-content\/uploads\/2024\/06\/ALLE-mosaik-blau-1086x1536.jpg 1086w, https:\/\/wir-gegen-rechts.at\/wp-content\/uploads\/2024\/06\/ALLE-mosaik-blau-1448x2048.jpg 1448w, https:\/\/wir-gegen-rechts.at\/wp-content\/uploads\/2024\/06\/ALLE-mosaik-blau.jpg 1587w\" sizes=\"auto, (max-width: 724px) 100vw, 724px\" \/><\/figure>\n<\/div>\n\n\n\n<div class=\"wp-block-column is-layout-flow wp-block-column-is-layout-flow\">\n<figure class=\"wp-block-image size-large\"><img loading=\"lazy\" decoding=\"async\" width=\"724\" height=\"1024\" src=\"https:\/\/wir-gegen-rechts.at\/wp-content\/uploads\/2024\/06\/Bunt_Trans-724x1024.jpg\" alt=\"\" class=\"wp-image-107\" srcset=\"https:\/\/wir-gegen-rechts.at\/wp-content\/uploads\/2024\/06\/Bunt_Trans-724x1024.jpg 724w, https:\/\/wir-gegen-rechts.at\/wp-content\/uploads\/2024\/06\/Bunt_Trans-212x300.jpg 212w, https:\/\/wir-gegen-rechts.at\/wp-content\/uploads\/2024\/06\/Bunt_Trans-768x1086.jpg 768w, https:\/\/wir-gegen-rechts.at\/wp-content\/uploads\/2024\/06\/Bunt_Trans-1086x1536.jpg 1086w, https:\/\/wir-gegen-rechts.at\/wp-content\/uploads\/2024\/06\/Bunt_Trans-1448x2048.jpg 1448w, https:\/\/wir-gegen-rechts.at\/wp-content\/uploads\/2024\/06\/Bunt_Trans.jpg 1587w\" sizes=\"auto, (max-width: 724px) 100vw, 724px\" \/><\/figure>\n<\/div>\n<\/div>\n\n\n\n<p>Hier gibt&#8217;s alle Plakat-Varianten zum <a href=\"https:\/\/wir-gegen-rechts.at\/wp-content\/uploads\/2024\/07\/WGR_Plakate.zip\">Downloaden<\/a> und selbst Ausdrucken. Hier alle <a href=\"https:\/\/wir-gegen-rechts.at\/wp-content\/uploads\/2024\/07\/WGR_Sticker.zip\">Sticker<\/a>, noch mehr findest du im Men\u00fc unter Downloads.<\/p>\n\n\n\n<figure class=\"wp-block-image aligncenter size-large is-resized\"><img loading=\"lazy\" decoding=\"async\" width=\"771\" height=\"1024\" src=\"https:\/\/wir-gegen-rechts.at\/wp-content\/uploads\/2024\/06\/signal-771x1024.jpeg\" alt=\"\" class=\"wp-image-76\" style=\"width:608px;height:auto\" srcset=\"https:\/\/wir-gegen-rechts.at\/wp-content\/uploads\/2024\/06\/signal-771x1024.jpeg 771w, https:\/\/wir-gegen-rechts.at\/wp-content\/uploads\/2024\/06\/signal-226x300.jpeg 226w, https:\/\/wir-gegen-rechts.at\/wp-content\/uploads\/2024\/06\/signal-768x1020.jpeg 768w, https:\/\/wir-gegen-rechts.at\/wp-content\/uploads\/2024\/06\/signal-1157x1536.jpeg 1157w, https:\/\/wir-gegen-rechts.at\/wp-content\/uploads\/2024\/06\/signal.jpeg 1205w\" sizes=\"auto, (max-width: 771px) 100vw, 771px\" \/><\/figure>\n\n\n\n\n\n\n\n\n\n\n\n\n\n\n\n\n\n\n\n\n\n\n\n\n\n\n\n\n\n<p><\/p>\n","protected":false},"excerpt":{"rendered":"<p>Wir haben Plakate, Sticker und Flyer gestaltet, um \u00fcberall sichtbar zu machen, dass der Widerstand gegen den Rechtsrutsch gro\u00df ist. Du kannst sie per Mail bestellen: info[\u00e4t]wir-gegen-rechts.at Hier gibt&#8217;s alle [&hellip;]<\/p>\n","protected":false},"author":1,"featured_media":0,"parent":0,"menu_order":0,"comment_status":"closed","ping_status":"closed","template":"","meta":{"_EventAllDay":false,"_EventTimezone":"","_EventStartDate":"","_EventEndDate":"","_EventStartDateUTC":"","_EventEndDateUTC":"","_EventShowMap":false,"_EventShowMapLink":false,"_EventURL":"","_EventCost":"","_EventCostDescription":"","_EventCurrencySymbol":"","_EventCurrencyCode":"","_EventCurrencyPosition":"","_EventDateTimeSeparator":"","_EventTimeRangeSeparator":"","_EventOrganizerID":[],"_EventVenueID":[],"_OrganizerEmail":"","_OrganizerPhone":"","_OrganizerWebsite":"","_VenueAddress":"","_VenueCity":"","_VenueCountry":"","_VenueProvince":"","_VenueState":"","_VenueZip":"","_VenuePhone":"","_VenueURL":"","_VenueStateProvince":"","_VenueLat":"","_VenueLng":"","_VenueShowMap":false,"_VenueShowMapLink":false,"footnotes":""},"class_list":["post-41","page","type-page","status-publish","hentry"],"_links":{"self":[{"href":"https:\/\/wir-gegen-rechts.at\/en\/wp-json\/wp\/v2\/pages\/41","targetHints":{"allow":["GET"]}}],"collection":[{"href":"https:\/\/wir-gegen-rechts.at\/en\/wp-json\/wp\/v2\/pages"}],"about":[{"href":"https:\/\/wir-gegen-rechts.at\/en\/wp-json\/wp\/v2\/types\/page"}],"author":[{"embeddable":true,"href":"https:\/\/wir-gegen-rechts.at\/en\/wp-json\/wp\/v2\/users\/1"}],"replies":[{"embeddable":true,"href":"https:\/\/wir-gegen-rechts.at\/en\/wp-json\/wp\/v2\/comments?post=41"}],"version-history":[{"count":36,"href":"https:\/\/wir-gegen-rechts.at\/en\/wp-json\/wp\/v2\/pages\/41\/revisions"}],"predecessor-version":[{"id":1349,"href":"https:\/\/wir-gegen-rechts.at\/en\/wp-json\/wp\/v2\/pages\/41\/revisions\/1349"}],"wp:attachment":[{"href":"https:\/\/wir-gegen-rechts.at\/en\/wp-json\/wp\/v2\/media?parent=41"}],"curies":[{"name":"wp","href":"https:\/\/api.w.org\/{rel}","templated":true}]}}