{"id":47,"date":"2024-06-04T17:56:47","date_gmt":"2024-06-04T17:56:47","guid":{"rendered":"https:\/\/wir-gegen-rechts.at\/?page_id=47"},"modified":"2025-04-11T19:27:57","modified_gmt":"2025-04-11T17:27:57","slug":"was-tun","status":"publish","type":"page","link":"https:\/\/wir-gegen-rechts.at\/en\/was-tun\/","title":{"rendered":"get active!"},"content":{"rendered":"<p><\/p>\n\n\n\n<h3 class=\"wp-block-heading\" id=\"optionen\">In a few steps together against the right<\/h3>\n\n\n\n<p>These proposals were written by a group of people, but they rely on YOU and others to get active. Put your heads together, get organised and start according to your resources.<\/p>\n\n\n<div ><style>#sp-ea-122 .spcollapsing { height: 0; overflow: hidden; transition-property: height;transition-duration: 300ms;}#sp-ea-122.sp-easy-accordion>.sp-ea-single {margin-bottom: 10px; border: 1px solid #7b8ce0; }#sp-ea-122.sp-easy-accordion>.sp-ea-single>.ea-header a {color: #020202;}#sp-ea-122.sp-easy-accordion>.sp-ea-single>.sp-collapse>.ea-body {background: #e8a4dd; color: #020202;}#sp-ea-122.sp-easy-accordion>.sp-ea-single {background: #7b8ce0;}#sp-ea-122.sp-easy-accordion>.sp-ea-single>.ea-header a .ea-expand-icon { float: left; color: #020202;font-size: 16px;}<\/style><div id=\"sp_easy_accordion-1718054555\"><div id=\"sp-ea-122\" class=\"sp-ea-one sp-easy-accordion\" data-ea-active=\"ea-click\" data-ea-mode=\"vertical\" data-preloader=\"\" data-scroll-active-item=\"\" data-offset-to-scroll=\"0\"><div class=\"ea-card sp-ea-single\"><h3 class=\"ea-header\"><a class=\"collapsed\" id=\"ea-header-1220\" role=\"button\" data-sptoggle=\"spcollapse\" data-sptarget=\"#collapse1220\" aria-controls=\"collapse1220\" href=\"#\" aria-expanded=\"false\" tabindex=\"0\"><i aria-hidden=\"true\" role=\"presentation\" class=\"ea-expand-icon eap-icon-ea-expand-plus\"><\/i> Do something by yourself!<\/a><\/h3><div class=\"sp-collapse spcollapse spcollapse\" id=\"collapse1220\" data-parent=\"#sp-ea-122\" role=\"region\" aria-labelledby=\"ea-header-1220\"> <div class=\"ea-body\"><p>What you alone can do straight away is: <a href=\"https:\/\/wir-gegen-rechts.at\/en\/?page_id=41\">Put up posters and distribute stickers.<\/a>.<\/p><p>Order some from us or print them out yourself. Then start putting them up in places where many people can see them. In the cordiors or your house, at work, on the street, in your window, ....<\/p><p>also check our instagram posts <a href=\"https:\/\/wir-gegen-rechts.at\/wp-content\/uploads\/2024\/06\/WGR-einzeln-Instagram-Post1.zip\">here<\/a>.<\/p><p>Let's get visible!<\/p><\/div><\/div><\/div><div class=\"ea-card sp-ea-single\"><h3 class=\"ea-header\"><a class=\"collapsed\" id=\"ea-header-1221\" role=\"button\" data-sptoggle=\"spcollapse\" data-sptarget=\"#collapse1221\" aria-controls=\"collapse1221\" href=\"#\" aria-expanded=\"false\" tabindex=\"0\"><i aria-hidden=\"true\" role=\"presentation\" class=\"ea-expand-icon eap-icon-ea-expand-plus\"><\/i> Start a small group<\/a><\/h3><div class=\"sp-collapse spcollapse spcollapse\" id=\"collapse1221\" data-parent=\"#sp-ea-122\" role=\"region\" aria-labelledby=\"ea-header-1221\"> <div class=\"ea-body\"><p>Better together! We propose 4 small steps to start your own new \"against the right\"-group:<\/p><p><\/p><ol class=\"wp-block-list\"><\/p><li><strong>Find comrades!<\/strong><br \/>You want to do something against the shift to the right? The first litte step is then to find just 2 or 3 other humans you know that share the same concern! Get together, talk about your fears and idease and unite! We recommend to form a small group of 2 to 6 people for a first formal meeting.<\/li><p> <\/p><li><strong>Kick it off!<\/strong><br \/>Here's how it could start: Do 2 rounds and share with each other: (1) What worries you the most? (2) What could you do starting next week? Think of simple things like: Invite others; distribute flyers in<br \/>in the letterboxes in your house; organise a film screening\/discussion; talk to neighbours... You can find more ideas below. Important: do not overtake!<\/li><p> <\/p><li><strong>Organise!<\/strong><br \/>Fixed at the 2nd meeting: How often do you want to meet from now on? What is the maximum size of the group? How many resources do you have over the next few months? Does your group have a name? Also important: Take minutes, chose a moderator for groups of 3+ people. <a href=\"https:\/\/interventionistische-linke.org\/solidarity-will-win\">read more on this<\/a>.<\/li><p> <\/p><li><strong>Keep your head!<\/strong><br \/>Achtet auf individuelle Kapazit\u00e4ten und Bed\u00fcrfnisse: vielleicht treffen sich manche von euch \u00f6fter, manche setzen um, manche haben Ideen\u2026 Ab einer Gr\u00f6\u00dfe von 6 oder 7 Personen empfiehlt es sich, sich in zwei Gruppen aufteilen und dann neue Menschen einladen! Und wenn<br \/>ihr ganz viele Ideen habt, setzt einfach die um, f\u00fcr die gerade genug Lust und Zeit vorhanden ist. Danach geht\u2019s mit der n\u00e4chsten weiter!<\/li><p><\/ol><p><\/p><\/div><\/div><\/div><div class=\"ea-card sp-ea-single\"><h3 class=\"ea-header\"><a class=\"collapsed\" id=\"ea-header-1222\" role=\"button\" data-sptoggle=\"spcollapse\" data-sptarget=\"#collapse1222\" aria-controls=\"collapse1222\" href=\"#\" aria-expanded=\"false\" tabindex=\"0\"><i aria-hidden=\"true\" role=\"presentation\" class=\"ea-expand-icon eap-icon-ea-expand-plus\"><\/i> Scale Up!<\/a><\/h3><div class=\"sp-collapse spcollapse spcollapse\" id=\"collapse1222\" data-parent=\"#sp-ea-122\" role=\"region\" aria-labelledby=\"ea-header-1222\"> <div class=\"ea-body\"><p>Tell others about your small group, e.g. at public events, make your own flyers, talk to neighbours, etc.<br \/>Encourages other people to set up their own groups.<\/p><p>Schreibt uns ein e-Mail an info (at) wir-gegen-rechts.at mit den gr\u00f6\u00dferen Aktionen, damit wir sie gemeinsam bewerben k\u00f6nnen.<\/p><\/div><\/div><\/div><\/div><\/div><\/div>\n\n\n<p><strong>Diese Schritte und Aktionsideen gibt es auch zum Selber- Drucken und Verteilen:<\/strong> <a href=\"https:\/\/wir-gegen-rechts.at\/wp-content\/uploads\/2025\/03\/Neu_WIR_5Schritte_50Ideen.pdf\">hier direkt downloaden<\/a>!<\/p>\n\n\n\n<p>Wir haben hier <strong>50 Anregungen<\/strong>, was ihr schon heute tun bzw. beginnen k\u00f6nnt. \u00dcberfordert euch nicht. Geht lieber Schritt f\u00fcr Schritt vor. Gr\u00fcndet vielleicht auch mehrere Gruppen mit weiteren Menschen, wenn ihr verschiedene Projekte gleichzeitig verfolgen wollt oder verschiedene Pr\u00e4ferenzen habt.<\/p>\n\n\n\n<h4 class=\"wp-block-heading has-background\" id=\"ideen\" style=\"background:linear-gradient(135deg,rgb(255,203,112) 0%,rgba(199,82,191,0.52) 50%,rgb(143,157,230) 100%)\"><strong>50 Ideen zum sofort Loslegen<\/strong><\/h4>\n\n\n\n<ol style=\"background:linear-gradient(90deg,rgb(253,227,183) 0%,rgb(192,117,186) 68%,rgb(163,171,214) 100%)\" class=\"wp-block-list has-background\">\n<li>Mit f\u00fcnf Nachbar:innen \u00fcber ihre Sorgen sprechen (und vielleicht auch dar\u00fcber, wie sie w\u00e4hlen)<\/li>\n\n\n\n<li>Poster und Sticker &#8222;Wir* gegen rechts&#8220; verteilen &amp; es bekannter machen<\/li>\n\n\n\n<li>Write letters to newspapers (30 minutes can bring a lot)<\/li>\n\n\n\n<li>Redesign election posters<\/li>\n\n\n\n<li>Support critical media, such as Tagebuch, An.schl\u00e4ge, S\u00fcdwind Magazin, Frauensolidarit\u00e4t, andererseits, Falter, unter Palmen, etc \u2026&nbsp;&nbsp;<\/li>\n\n\n\n<li>Donations or memberships for emancipatory, critical organizations \u2013 or showing solidarity<\/li>\n\n\n\n<li>Leave messages in public spaces (Edding is enough)<\/li>\n\n\n\n<li>Organize a neighborhood picnic to meet people (and distribute these 50 inspirations)<\/li>\n\n\n\n<li>Einen Workshop\/Vortrag\/Diskussion organisieren, z.B. mit dem&nbsp;Dokumentationsarchiv des \u00d6sterreichischen Widerstands<\/li>\n\n\n\n<li>Attend or organize an argumentation training against dull slogans:<a href=\"https:\/\/politischebildung.at\/bildungsangebote\/argumentationstraining-gegen-stammtischparolen\/\"> https:\/\/politischebildung.at\/bildungsangebote<\/a><\/li>\n\n\n\n<li id=\"soli\">Showing solidarity with those affected: Many people find it difficult to stand up to racist, anti-Semitic, sexist, classist, and ableist statements. What helps is to approach those affected, ask them how they are doing, and whether there is anything you can do for them.<\/li>\n\n\n\n<li class=\"translation-block\">Book a workshop at <a href=\"https:\/\/netzwerk-demokratie-courage.at\/\" target=\"_self\">netzwerk-demokratie-courage.at<\/a> or <a href=\"http:\/\/www.zara.or.at\" target=\"_self\">www.zara.or.at<\/a> or support their work.<\/li>\n\n\n\n<li>Talk to teachers (of your children or those you know) and ask them to address fascism \/ authoritarianism \/ racism \/ \u2026 in school<\/li>\n\n\n\n<li>Print and distribute your own flyers\/posters\/stickers<\/li>\n\n\n\n<li>Die Arbeit von BlackVoices unterst\u00fctzen und weiter erz\u00e4hlen: <a href=\"https:\/\/blackvoices.at\/\">https:\/\/blackvoices.at\/<\/a><\/li>\n\n\n\n<li class=\"translation-block\">Support the work of<a href=\"https:\/\/www.aufstehn.at\/\" target=\"_self\"> https:\/\/www.aufstehn.at<\/a>, get active there, sign petitions<\/li>\n\n\n\n<li>Social Media Postings z.B. #reclaimticktock<\/li>\n\n\n\n<li>Talk to relatives and encourage them to vote (if they wouldn't) or not to vote (if the lean towards FP\u00d6, \u00d6VP)<\/li>\n\n\n\n<li>Write to organizations you are a member of: union, church, traffic club, sports club, and ask them to take a stand<\/li>\n\n\n\n<li>Briefe\/Emails an deine Bezirksvertretung\/Landeshauptperson schicken und deine Sorge um Polarisierung und Extremismus ausdr\u00fccken<\/li>\n\n\n\n<li class=\"translation-block\">Attend civil society networking events, present your own initiative there or get involved. Examples: <a href=\"https:\/\/civilaction.net\/events\/\" target=\"_self\"> https:\/\/civilaction.net\/events<\/a> or <a href=\"http:\/\/www.attac.at\" target=\"_self\">www.attac.at<\/a><\/li>\n\n\n\n<li>Write to your favorite podcast or radio station so that they take a stand \/ address the shift to the right<\/li>\n\n\n\n<li class=\"translation-block\">Report right-wing extremist statements on the internet, e.g. at <a href=\"https:\/\/zara.or.at\/de\/beratungsstellen\" target=\"_self\"> #GegenHassimNetz<\/a>, <a href=\"https:\/\/hateaid.org\" target=\"_self\"> HateAid<\/a> or <a href=\"https:\/\/dokustelle.at\/\" target=\"_self\">Dokustelle<\/a><\/li>\n\n\n\n<li>In manchen St\u00e4dten gibt es Gruppen\/Veranstaltungen wie das &#8222;Offene Antifa Treffen&#8220;<\/li>\n\n\n\n<li>Das lokale Nachbar*innenzentrum oder andere \u00f6ffentlich verf\u00fcgbare R\u00e4ume (Jugendzentren, Senior:innenwohnheime) f\u00fcr interne Treffen und \u00f6ffentliche Veranstaltungen nutzen.<\/li>\n\n\n\n<li>Invite contemporary witnesses of the Nazi era for storytelling caf\u00e9s, lectures, workshops<\/li>\n\n\n\n<li>Develop neighborhood-based solidarity protection of housing for refugees and migrants together with the residents.<\/li>\n\n\n\n<li>Vernetzung mit queeren Leuten im (Wohn-)Umfeld. Queere Leute werden oft beim Ausgehen abgepasst und attackiert. Gemeinsam ausgehen und auf einander schauen (Queer-Straight-Connections)<\/li>\n\n\n\n<li>Organize argumentation training or self-defense for women wearing headscarves, visibly disabled people or BIPoCs<\/li>\n\n\n\n<li>Wer mag: sich einer linken Partei anschlie\u00dfen und in deren Wahlkampf mitmachen<\/li>\n\n\n\n<li>Plan a campaign and actions against social cuts<\/li>\n\n\n\n<li>eine andere kleine Kampagne planen, z.B. so: <a href=\"https:\/\/trainings.350.org\/resource\/how-campaigns-are-really-created-4\/\">trainings.350.org\/resource\/how-campaigns-are-really-created-4<\/a>&nbsp;<\/li>\n\n\n\n<li>Copy this list, add to it and distribute it \u2013 e.g. in your house, in the park, in the office\u2026<\/li>\n\n\n\n<li>Support and share research\/fake checking platforms like Correktiv or Mimikama<\/li>\n\n\n\n<li class=\"translation-block\">Research on FP\u00d6 officials in your region. For MPs: <a href=\"https:\/\/www.meineabgeordneten.at\" target=\"_self\">www.meineabgeordneten.at<\/a>, but also about district officials, state parliament members, etc. There may be interesting facts (closeness to companies, voting behavior, ...)<\/li>\n\n\n\n<li class=\"translation-block\">Support the work of <a href=\"https:\/\/www.mehr-demokratie.at\" target=\"_self\">www.mehr-demokratie.at<\/a> and get involved there<\/li>\n\n\n\n<li>Ab 500 Unterzeichner:innen kann eine Petition im \u00d6sterreichischen Parlament eingebracht werden<\/li>\n\n\n\n<li>Attend action trainings, further trainings, workshops, plan small actions<\/li>\n\n\n\n<li class=\"translation-block\">Invent and spread (counter-)narratives. Tips: <a href=\"https:\/\/commonslibrary.org\/the-power-of-story-the-story-of-self-us-and-now\" target=\"_self\">https:\/\/commonslibrary.org \/the-power-of-story-the-story-of-self-us-and-now<\/a><\/li>\n\n\n\n<li class=\"translation-block\">Create a list of corruption cases from the FP\u00d6\/\u00d6VP and hang it up\/distribute it everywhere. <a href=\"https:\/\/www.stopptdierechten.at\/\" target=\"_self\">Inspiration is here.<\/a><\/li>\n\n\n\n<li>Interventions at events<\/li>\n\n\n\n<li class=\"translation-block\">Create your own website for your group with your own events, workshops and activities, tips for participation, etc. This is easy to do, e.g. WIX, Jimdo, Webflow, WordPress - or just text with a pad: <a href=\"https:\/\/pads.c3w.at\/\" target=\"_self\">https:\/\/pads.c3w.at\/<\/a><\/li>\n\n\n\n<li>An alle Schulen in deiner Umgebung schreiben, dass die Themen Autoritarismus, Faschismus, Rassismus behandelt werden m\u00fcssen und daf\u00fcr Workshopangebote (D\u00d6W, ZARA, \u2026) existieren<\/li>\n\n\n\n<li>Solidarische\/linke\/relevante Gruppen verbinden &amp; Br\u00fccken herstellen, von alternativen \u00d6kos, Alleinerzieher:innen-Selbsthilfegruppe, Zeitzeug:innen, migrantisierte Gruppen, Menschen mit Behinderung, Nachbarschaftshilfe-Gruppe, Antirassismus-Aktivist:innen, Antikapitalist:innen, Menschenrechtsgruppen, Friedens-Aktivist:innen \u00fcber Queers zu Gemeinschaftsg\u00e4rten und prek\u00e4r Besch\u00e4ftigten. Austauschtreffen, Kontakte herstellen, Gemeinsamkeiten finden!<\/li>\n\n\n\n<li>Euch und auch andere (!) \u00fcber eure Rechte z.B. gegen\u00fcber der Polizei informieren: <a href=\"https:\/\/www.wienxtra.at\/jugendinfo\/infos-von-a-z\/polizeikontrolle-deine-rechte-pflichten\/\">www.wienxtra.at\/jugendinfo\/infos-von-a-z\/polizeikontrolle-deine-rechte-pflichten<\/a> Bei unrechtm\u00e4\u00dfigen und unm\u00e4\u00dfigen Polizeikontrollen solidarisch bleiben, dokumentieren. Das <a href=\"https:\/\/antirepressionsbuero.at\/\">https:\/\/antirepressionsbuero.at\/<\/a> unterst\u00fctzen und bekannter machen<\/li>\n\n\n\n<li>Mit anderen Initiativen in anderen L\u00e4ndern vernetzen, die z.B. marginalisierte Gruppen unterst\u00fctzen: gegenseitiges (Kennen)lernen, Support, gemeinsame Projekte, etc.<\/li>\n\n\n\n<li>Write a manifesto\/position paper and submit it to (large) organizations, NGOs, platforms for signature. Then publish it together\/build pressure.<\/li>\n\n\n\n<li><a href=\"https:\/\/wir-gegen-rechts.at\/en\/events\/\">Termine und Trainings<\/a> von WIR* gegen rechts besuchen oder weitersagen. <\/li>\n\n\n\n<li>Unser Crowdfunding unterst\u00fctzen (<a href=\"https:\/\/wir-gegen-rechts.at\/en\/spenden\/\">wir-gegen-rechts.at\/spenden<\/a>)<\/li>\n\n\n\n<li><strong>Und das Wichtigste: Passt auf euch auf! Achtet auf eure Grenzen und Ressourcen<\/strong><\/li>\n<\/ol>\n\n\n\n<h2 class=\"wp-block-heading\" id=\"initiativen\">Mitmach-M\u00f6glichkeiten<\/h2>\n\n\n\n<p>Es gibt viele Kollektive und Gruppen, die f\u00fcr eine solidarischere Welt streiten. Viele sind offen f\u00fcr neue Menschen. Einige Organisationen haben auch Regionalgruppen oder erm\u00f6glichen die Gr\u00fcndung von weiteren Ortsgruppen. Wenn hier nichts f\u00fcr dich dabei ist, gibt es immer auch die Option, sich bei einer progressiven Partei(organisation) zu engagieren oder <a href=\"https:\/\/wir-gegen-rechts.at\/en\/was-tun\/#optionen\">selbst mit anderen eine Gruppe zu gr\u00fcnden.<\/a> Hier findest du eine nicht vollst\u00e4ndige Liste solidarischer Initiativen. <\/p>\n\n\n<div ><style>#sp-ea-1254 .spcollapsing { height: 0; overflow: hidden; transition-property: height;transition-duration: 300ms;}#sp-ea-1254.sp-easy-accordion>.sp-ea-single {margin-bottom: 10px; border: 1px solid #e2e2e2; }#sp-ea-1254.sp-easy-accordion>.sp-ea-single>.ea-header a {color: #000000;}#sp-ea-1254.sp-easy-accordion>.sp-ea-single>.sp-collapse>.ea-body {background: #e8a4dd; color: #000000;}#sp-ea-1254.sp-easy-accordion>.sp-ea-single {background: #7b8ce0;}#sp-ea-1254.sp-easy-accordion>.sp-ea-single>.ea-header a .ea-expand-icon { float: left; color: #444;font-size: 16px;}<\/style><div id=\"sp_easy_accordion-1744387772\"><div id=\"sp-ea-1254\" class=\"sp-ea-one sp-easy-accordion\" data-ea-active=\"ea-click\" data-ea-mode=\"vertical\" data-preloader=\"\" data-scroll-active-item=\"\" data-offset-to-scroll=\"0\"><div class=\"ea-card sp-ea-single\"><h3 class=\"ea-header\"><a class=\"collapsed\" id=\"ea-header-12540\" role=\"button\" data-sptoggle=\"spcollapse\" data-sptarget=\"#collapse12540\" aria-controls=\"collapse12540\" href=\"#\" aria-expanded=\"false\" tabindex=\"0\"><i aria-hidden=\"true\" role=\"presentation\" class=\"ea-expand-icon eap-icon-ea-expand-plus\"><\/i> Solidarische Initiativen<\/a><\/h3><div class=\"sp-collapse spcollapse spcollapse\" id=\"collapse12540\" data-parent=\"#sp-ea-1254\" role=\"region\" aria-labelledby=\"ea-header-12540\"> <div class=\"ea-body\"><p>\u00dcberall<\/p><ul class=\"wp-block-list\"><li><a href=\"https:\/\/www.attac.at\/aktiv-werden\/mitmachen\" target=\"_blank\" rel=\"noopener\">Attac<\/a> \u2013 Aktiv f\u00fcr ein gutes Leben f\u00fcr Alle<\/li><li><a href=\"https:\/\/blackvoices.at\/spenden\/\" target=\"_blank\" rel=\"noopener\">Black Voices<\/a> \u2013 die Anti-Rassismus Initiative in \u00d6sterreich<\/li><li><a href=\"https:\/\/www.demokratieundrespekt.at\/mitmachen\/\" target=\"_blank\" rel=\"noopener\">Demokratie &amp; Respekt<\/a> \u2013 zivilgesellschaftliches B\u00fcndnis, der Name ist Programm<\/li><li><a href=\"https:\/\/foodcoops.at\" target=\"_blank\" rel=\"noopener\">Foodcoops<\/a> \u2013 Lebensmittelkooperativen<\/li><li>Wien\/Graz\/etc.: <a href=\"https:\/\/systemchange-not-climatechange.at\/de\/regionalgruppen\/\" target=\"_blank\" rel=\"noopener\">System Change, not Climate Change!<\/a> \u2013 engagiert sich gegen Klimakrise und f\u00fcr das Gute Leben f\u00fcr Alle<\/li><li>online\/Wien: <a href=\"https:\/\/queerbase.at\" target=\"_blank\" rel=\"noopener\">Queerbase<\/a> \u2013 support for queer refugees<\/li><li><a href=\"https:\/\/igbildendekunst.at\/themen\/wir-gegen-rechts\/\" target=\"_blank\" rel=\"noopener\">Wir gegen rechts<\/a> \u2013 Eine Kampagne der IG Bildende Kunst zum Mitmachen f\u00fcr alle<\/li><\/ul><p>Graz<\/p><ul><li>Wir* gegen rechts-Vernetzung: wir-gegen-rechts (at) riseup.net<\/li><li><a href=\"https:\/\/www.ogr-stmk.at\/\">Offensive gegen Rechts Steiermark<\/a>: gemeinsam gegen die \u00f6sterreichische Rechte auf die Stra\u00dfe gehen<\/li><li><a href=\"https:\/\/awagraz.org\/\">awaGraz<\/a>: Awarenesskollektiv, das zu und f\u00fcr emanzipatorische Sicherheit arbeitet<\/li><li><a href=\"https:\/\/qufo.org\/\">QuFO<\/a>: politische Stimme der queeren Community in Graz<\/li><li><a href=\"https:\/\/fstreikgraz.diebin.at\/\">f*streik<\/a>: feministische Streiks und Aktionen<\/li><li><a href=\"https:\/\/spektral.at\/\">Spektral<\/a>: Freiraum<\/li><li><a href=\"https:\/\/omasgegenrechts.at\/thema\/steiermark\/\">Omas gegen Rechts<\/a>: f\u00fcr generationen\u00fcbergreifenden Aktivismus gegen rechts<\/li><\/ul><p>Linz<\/p><ul><li><a href=\"https:\/\/kollektivohm.org\/\" target=\"_blank\" rel=\"noopener\">Kollektiv Ohm<\/a> \u2013 f\u00fcr eine menschenw\u00fcrdige Politik<\/li><\/ul><p>Innsbruck<\/p><ul><li><a href=\"https:\/\/www.facebook.com\/buerglkopfschliessen\/\" target=\"_blank\" rel=\"noopener\">B\u00fcrglkopf schlie\u00dfen\u00a0<\/a> \u2013\u00a0<span class=\"x193iq5w xeuugli x13faqbe x1vvkbs xlh3980 xvmahel x1n0sxbx x1lliihq x1s928wv xhkezso x1gmr53x x1cpjm7i x1fgarty x1943h6x xudqn12 x3x7a5m x6prxxf xvq8zen xo1l8bm xzsf02u\" dir=\"auto\">Antirassistische Gruppe mit Fokus auf Kampf gegen Abschiebungen und Lager<\/span><\/li><\/ul><p>Wien<\/p><ul><li><a href=\"https:\/\/awa-stern.info\/\" target=\"_blank\" rel=\"noopener\">AwA*<\/a> \u2013 Awarenesskollektiv, das zu und f\u00fcr emanzipatorische Sicherheit arbeitet<\/li><li><a href=\"https:\/\/amerlinghaus.at\/\" target=\"_blank\" rel=\"noopener\">Amerlinghaus<\/a> \u2013 das Kulturzentrum beherbergt viele Initiative<\/li><li><a href=\"https:\/\/www.degrowthvienna.org\/\" target=\"_blank\" rel=\"noopener\">Degrowth Vienna<\/a> \u2013 setzt sich mit Strategien f\u00fcr sozio-\u00f6kologischens Wandel auseinander<\/li><li><a href=\"https:\/\/frauenhetz.jetzt\/\" target=\"_blank\" rel=\"noopener\">Frauenhetz<\/a> &#8211; Feministische Bildung, Kultur und Politik<\/li><li><a href=\"https:\/\/praxis.postism.org\/\" target=\"_blank\" rel=\"noopener\">Kitchen<\/a> \u2013\u00a0 Zentrum der Tat\u201d, ist ein \u201cspace of joint struggle\u201d<\/li><li><a href=\"https:\/\/oatwien.noblogs.org\/\" target=\"_blank\" rel=\"noopener\">Offenes Antifatreffen<\/a><\/li><li>Plattform Radikale Linke \u2013 <a href=\"https:\/\/radikale-linke.at\/de\/home\/\">https:\/\/radikale-linke.at\/de\/home\/<\/a><\/li><li><a href=\"https:\/\/www.stop-partnergewalt.at\/bei-stop-aktiv-werden\/\" target=\"_blank\" rel=\"noopener\">Stop &#8211; Stadtteile Ohne Partnergewalt<\/a><\/li><li><a href=\"https:\/\/www.facebook.com\/stopdeportation\/\" target=\"_blank\" rel=\"noopener\">Stop deportation Vienna<\/a> \u2013 Aktiv gegen Abschiebungen<\/li><li><a href=\"https:\/\/vimoe.at\/ueber-uns\" target=\"_blank\" rel=\"noopener\">VIM\u00d6<\/a> \u2013 supportet und vernetzt f\u00fcr die Lebensqualit\u00e4t intergeschlechtlicher Menschen<\/li><\/ul><p>Wr.Neustadt\/Lichtenw\u00f6rth:<\/p><ul><li>\u00a0Fischacker Au-Besetzung: Einstieg jederzeit m\u00f6glich<\/li><\/ul><p><\/p><p><\/p><\/div><\/div><\/div><\/div><\/div><\/div>\n\n\n<p><a href=\"https:\/\/wir-gegen-rechts.at\/en\/ressourcen\/\">Here you can find helpful resources and tips.<\/a><\/p>\n\n\n\n<p>Wenn du noch mehr Ideen f\u00fcr diese Listen hast oder du noch mehr Tipps f\u00fcr deine n\u00e4chste Aktion brauchst, schreib uns an info (\u00e4t) wir-gegen-rechts.at<\/p>","protected":false},"excerpt":{"rendered":"<p>In wenigen Schritten gemeinsam gegen den Rechtsruck Dieser Vorschlag wurde von einer Gruppe verfasst, aber er baut darauf, dass DU und andere aktiv werden m\u00f6chten. Und darauf, dass ihr euch [&hellip;]<\/p>\n","protected":false},"author":1,"featured_media":0,"parent":0,"menu_order":0,"comment_status":"closed","ping_status":"closed","template":"","meta":{"_EventAllDay":false,"_EventTimezone":"","_EventStartDate":"","_EventEndDate":"","_EventStartDateUTC":"","_EventEndDateUTC":"","_EventShowMap":false,"_EventShowMapLink":false,"_EventURL":"","_EventCost":"","_EventCostDescription":"","_EventCurrencySymbol":"","_EventCurrencyCode":"","_EventCurrencyPosition":"","_EventDateTimeSeparator":"","_EventTimeRangeSeparator":"","_EventOrganizerID":[],"_EventVenueID":[],"_OrganizerEmail":"","_OrganizerPhone":"","_OrganizerWebsite":"","_VenueAddress":"","_VenueCity":"","_VenueCountry":"","_VenueProvince":"","_VenueState":"","_VenueZip":"","_VenuePhone":"","_VenueURL":"","_VenueStateProvince":"","_VenueLat":"","_VenueLng":"","_VenueShowMap":false,"_VenueShowMapLink":false,"footnotes":""},"class_list":["post-47","page","type-page","status-publish","hentry"],"_links":{"self":[{"href":"https:\/\/wir-gegen-rechts.at\/en\/wp-json\/wp\/v2\/pages\/47","targetHints":{"allow":["GET"]}}],"collection":[{"href":"https:\/\/wir-gegen-rechts.at\/en\/wp-json\/wp\/v2\/pages"}],"about":[{"href":"https:\/\/wir-gegen-rechts.at\/en\/wp-json\/wp\/v2\/types\/page"}],"author":[{"embeddable":true,"href":"https:\/\/wir-gegen-rechts.at\/en\/wp-json\/wp\/v2\/users\/1"}],"replies":[{"embeddable":true,"href":"https:\/\/wir-gegen-rechts.at\/en\/wp-json\/wp\/v2\/comments?post=47"}],"version-history":[{"count":39,"href":"https:\/\/wir-gegen-rechts.at\/en\/wp-json\/wp\/v2\/pages\/47\/revisions"}],"predecessor-version":[{"id":1263,"href":"https:\/\/wir-gegen-rechts.at\/en\/wp-json\/wp\/v2\/pages\/47\/revisions\/1263"}],"wp:attachment":[{"href":"https:\/\/wir-gegen-rechts.at\/en\/wp-json\/wp\/v2\/media?parent=47"}],"curies":[{"name":"wp","href":"https:\/\/api.w.org\/{rel}","templated":true}]}}