{"id":557,"date":"2024-09-11T16:45:02","date_gmt":"2024-09-11T16:45:02","guid":{"rendered":"https:\/\/wir-gegen-rechts.at\/?page_id=557"},"modified":"2026-01-27T11:45:14","modified_gmt":"2026-01-27T10:45:14","slug":"intensiv","status":"publish","type":"page","link":"https:\/\/wir-gegen-rechts.at\/en\/intensiv\/","title":{"rendered":"Nationalratswahl 2024"},"content":{"rendered":"<p><\/p>\n\n\n\n<div class=\"wp-block-columns is-layout-flex wp-container-core-columns-is-layout-28f84493 wp-block-columns-is-layout-flex\">\n<div class=\"wp-block-column is-layout-flow wp-block-column-is-layout-flow\" style=\"flex-basis:100%\">\n<div class=\"wp-block-columns is-layout-flex wp-container-core-columns-is-layout-28f84493 wp-block-columns-is-layout-flex\">\n<div class=\"wp-block-column is-layout-flow wp-block-column-is-layout-flow\" style=\"flex-basis:100%\">\n<div class=\"wp-block-cover alignfull is-light\" style=\"border-style:none;border-width:0px;margin-top:0;padding-top:6vw;padding-right:6vw;padding-bottom:6vw;padding-left:6vw\"><span aria-hidden=\"true\" class=\"wp-block-cover__background has-background-dim-100 has-background-dim\" style=\"background-color:#7bdcb6\"><\/span><div class=\"wp-block-cover__inner-container has-global-padding is-layout-constrained wp-container-core-cover-is-layout-fae60672 wp-block-cover-is-layout-constrained\">\n<div class=\"wp-block-group is-content-justification-center is-layout-flex wp-container-core-group-is-layout-82565499 wp-block-group-is-layout-flex\">\n<div class=\"wp-block-group alignwide wp-container-content-ceb7f5b3 has-global-padding is-content-justification-left is-layout-constrained wp-container-core-group-is-layout-852f5fc7 wp-block-group-is-layout-constrained\">\n<h2 class=\"wp-block-heading alignwide has-text-align-left has-contrast-color has-text-color\" style=\"font-size:clamp(50.171px, 3.136rem + ((1vw - 3.2px) * 4.614), 100px);font-style:normal;font-weight:500;line-height:0.9;text-transform:none\">10 days against the right<\/h2>\n\n\n\n<div style=\"height:24px\" aria-hidden=\"true\" class=\"wp-block-spacer\"><\/div>\n\n\n\n<p class=\"has-text-align-left has-contrast-color has-text-color\">F\u00fcr die letzten Tage vor der Wahl haben wir nochmal alle Kr\u00e4fte in intensiven Aktionstagen geb\u00fcndelt! Davor wurden <strong>20 trainings for door-to-door conversations and 6 argumentation trainings against the far-right in Vienna, Linz and Graz.<\/strong> organisiert. Dutzende Menschen waren ganzen September unterwegs und sprachen mit Unentschlossenen oder unzufriedenen Protestw\u00e4hler:innen. Gemeinsam k\u00f6nnen wir einen Unterschied machen!<br><strong><br>Aktionstage von 20. bis 29. September 2024 &#8211; macht mit!<\/strong><\/p>\n<\/div>\n\n\n\n<div class=\"wp-block-group alignwide wp-container-content-ceb7f5b3 has-global-padding is-layout-constrained wp-container-core-group-is-layout-e555385e wp-block-group-is-layout-constrained\">\n<div style=\"height:47px;width:0px\" aria-hidden=\"true\" class=\"wp-block-spacer\"><\/div>\n\n\n\n<div class=\"wp-block-buttons is-horizontal is-content-justification-left is-layout-flex wp-container-core-buttons-is-layout-c4719c80 wp-block-buttons-is-layout-flex\">\n<div class=\"wp-block-button has-custom-width wp-block-button__width-100 is-style-fill\"><a class=\"wp-block-button__link has-primary-color has-background-background-color has-text-color has-background has-link-color has-small-font-size has-custom-font-size wp-element-button\" style=\"border-radius:0px;padding-top:10px;padding-right:0px;padding-bottom:10px;padding-left:0px;font-style:normal;font-weight:500;letter-spacing:0px;text-transform:uppercase\"><strong>mitmachen (nicht mehr m\u00f6glich)<\/strong><\/a><\/div>\n\n\n\n<div class=\"wp-block-button has-custom-width wp-block-button__width-100 is-style-fill\"><a class=\"wp-block-button__link has-base-color has-contrast-background-color has-text-color has-background has-small-font-size has-custom-font-size wp-element-button\" href=\"#warum\" style=\"border-radius:0px;padding-top:10px;padding-bottom:10px;font-style:normal;font-weight:500;letter-spacing:0px;text-transform:uppercase\"><strong>Learn more \u2013 Vienna<\/strong><\/a><\/div>\n\n\n\n<div class=\"wp-block-button has-custom-width wp-block-button__width-100 is-style-fill\"><a class=\"wp-block-button__link has-base-color has-contrast-background-color has-text-color has-background has-small-font-size has-custom-font-size wp-element-button\" style=\"border-radius:0px;padding-top:10px;padding-bottom:10px;font-style:normal;font-weight:500;letter-spacing:0px;text-transform:uppercase\"><strong>Federal states except Vienna <\/strong><\/a><\/div>\n<\/div>\n\n\n\n<div style=\"height:47px;width:0px\" aria-hidden=\"true\" class=\"wp-block-spacer\"><\/div>\n<\/div>\n\n\n\n<figure class=\"wp-block-image size-large is-resized is-style-default wp-duotone-000000-7bdcb5-1\"><img loading=\"lazy\" decoding=\"async\" width=\"1024\" height=\"1024\" src=\"https:\/\/wir-gegen-rechts.at\/wp-content\/uploads\/2024\/09\/singleword-1024x1024.png\" alt=\"\" class=\"wp-image-588\" style=\"width:415px;height:auto\" srcset=\"https:\/\/wir-gegen-rechts.at\/wp-content\/uploads\/2024\/09\/singleword-1024x1024.png 1024w, https:\/\/wir-gegen-rechts.at\/wp-content\/uploads\/2024\/09\/singleword-300x300.png 300w, https:\/\/wir-gegen-rechts.at\/wp-content\/uploads\/2024\/09\/singleword-150x150.png 150w, https:\/\/wir-gegen-rechts.at\/wp-content\/uploads\/2024\/09\/singleword-768x768.png 768w, https:\/\/wir-gegen-rechts.at\/wp-content\/uploads\/2024\/09\/singleword-12x12.png 12w, https:\/\/wir-gegen-rechts.at\/wp-content\/uploads\/2024\/09\/singleword.png 1080w\" sizes=\"auto, (max-width: 1024px) 100vw, 1024px\" \/><\/figure>\n\n\n\n<div class=\"wp-block-group is-content-justification-right is-nowrap is-layout-flex wp-container-core-group-is-layout-59a2d94b wp-block-group-is-layout-flex\">\n<div class=\"wp-block-group wp-container-content-0733e5d0 is-layout-flow wp-block-group-is-layout-flow\"><\/div>\n<\/div>\n<\/div>\n\n\n\n<div style=\"height:42px\" aria-hidden=\"true\" class=\"wp-block-spacer\"><\/div>\n\n\n\n<h3 class=\"wp-block-heading\" id=\"warum\">Why?<\/h3>\n\n\n\n<p>Our discussions so far have shown that there are an extremely large number of people who have not even considered voting. And many who are dissatisfied but are not right-wing.<\/p>\n\n\n\n<p><strong>Motivieren wir sie, am 29. 9. 24 zur Wahl zu gehen und gemeinsam die FP\u00d6 vom 1. Platz zu kicken!<\/strong><\/p>\n\n\n\n<p>Our data shows which neighborhoods have the most potential. We have experience, prepared materials, and offer you a space for preparation and practice. Conversations at doorsteps, in parks, or on the street are therefore our most important activity during the campaign days, a good week before the election.<br><br>Personal conversations are an important factor in voting decisions. They can not only motivate undecided voters to vote and influence the distribution of seats in the next parliament. They are important for a future with a hyped-up FP\u00d6. Let's strengthen neighbourhood relationships, listen to people's concerns and discuss politics together! A solidary community can counteract right-wing tendencies in the long term.<\/p>\n\n\n\n<p><strong>This is why we need YOU <\/strong>and many others to become active with us. Ideally, you will attend a training session for door-to-door conversations beforehand, but if not, you can still take part and can also prepare for it on site.<\/p>\n\n\n\n<figure class=\"wp-block-image aligncenter size-large is-resized wp-container-content-0733e5d0 wp-duotone-rgb000-7bdcb5-2\"><img loading=\"lazy\" decoding=\"async\" width=\"768\" height=\"1024\" src=\"https:\/\/wir-gegen-rechts.at\/wp-content\/uploads\/2024\/09\/WhatsApp-Image-2024-08-01-at-20.45.53-768x1024.jpeg\" alt=\"Bild von einem Picknick - gegen rechts\" class=\"wp-image-568\" style=\"object-fit:cover;width:390px;height:500px\" srcset=\"https:\/\/wir-gegen-rechts.at\/wp-content\/uploads\/2024\/09\/WhatsApp-Image-2024-08-01-at-20.45.53-768x1024.jpeg 768w, https:\/\/wir-gegen-rechts.at\/wp-content\/uploads\/2024\/09\/WhatsApp-Image-2024-08-01-at-20.45.53-225x300.jpeg 225w, https:\/\/wir-gegen-rechts.at\/wp-content\/uploads\/2024\/09\/WhatsApp-Image-2024-08-01-at-20.45.53-1152x1536.jpeg 1152w, https:\/\/wir-gegen-rechts.at\/wp-content\/uploads\/2024\/09\/WhatsApp-Image-2024-08-01-at-20.45.53-9x12.jpeg 9w, https:\/\/wir-gegen-rechts.at\/wp-content\/uploads\/2024\/09\/WhatsApp-Image-2024-08-01-at-20.45.53.jpeg 1200w\" sizes=\"auto, (max-width: 768px) 100vw, 768px\" \/><\/figure>\n\n\n\n<h2 class=\"wp-block-heading\" id=\"FAQ\">Vienna<\/h2>\n\n\n\n<figure class=\"wp-block-image size-full\"><img loading=\"lazy\" decoding=\"async\" width=\"2586\" height=\"1316\" src=\"https:\/\/wir-gegen-rechts.at\/wp-content\/uploads\/2024\/09\/Bildschirmfoto-vom-2024-09-13-15-20-56.png\" alt=\"\" class=\"wp-image-662\" srcset=\"https:\/\/wir-gegen-rechts.at\/wp-content\/uploads\/2024\/09\/Bildschirmfoto-vom-2024-09-13-15-20-56.png 2586w, https:\/\/wir-gegen-rechts.at\/wp-content\/uploads\/2024\/09\/Bildschirmfoto-vom-2024-09-13-15-20-56-300x153.png 300w, https:\/\/wir-gegen-rechts.at\/wp-content\/uploads\/2024\/09\/Bildschirmfoto-vom-2024-09-13-15-20-56-1024x521.png 1024w, https:\/\/wir-gegen-rechts.at\/wp-content\/uploads\/2024\/09\/Bildschirmfoto-vom-2024-09-13-15-20-56-768x391.png 768w, https:\/\/wir-gegen-rechts.at\/wp-content\/uploads\/2024\/09\/Bildschirmfoto-vom-2024-09-13-15-20-56-1536x782.png 1536w, https:\/\/wir-gegen-rechts.at\/wp-content\/uploads\/2024\/09\/Bildschirmfoto-vom-2024-09-13-15-20-56-2048x1042.png 2048w, https:\/\/wir-gegen-rechts.at\/wp-content\/uploads\/2024\/09\/Bildschirmfoto-vom-2024-09-13-15-20-56-18x9.png 18w\" sizes=\"auto, (max-width: 2586px) 100vw, 2586px\" \/><\/figure>\n\n\n\n<h2 class=\"wp-block-heading\">FAQs<\/h2>\n\n\n\n<h3 class=\"wp-block-heading\">Where do the action days take place? <\/h3>\n\n\n\n<p>Action days are planned in several cities. In Vienna there will be a central contact point for the first action weekend from September 21st to 22nd. We won't reveal exactly where yet ;). <a href=\"https:\/\/form.typeform.com\/to\/UDQvGvk6\" data-type=\"link\" data-id=\"https:\/\/form.typeform.com\/to\/UDQvGvk6\">Register now<\/a> and stay informed! <a href=\"https:\/\/wir-gegen-rechts.at\/en\/intensiv-bundeslander\/\">Here<\/a> you can find all the information for the other federal states.<\/p>\n\n\n\n<h3 class=\"wp-block-heading\">What happens during the action days?<\/h3>\n\n\n\n<p>Wir legen unseren vollen Fokus auf die Gebiete in Wien, wo es einen hohen Anteil an Nicht-W\u00e4hler:innen oder Wechselw\u00e4hler:innen gibt. Dort werden wir nicht nur mit Haust\u00fcrgespr\u00e4chen pr\u00e4sent sein, sondern auch mit vielen Flyern (f\u00fcr Postk\u00e4sten), T\u00fcrh\u00e4ngern, Poster, Stickern oder weiteren Veranstaltungen. Du kannst mit ganz verschiedenen Aktivit\u00e4ten mitmachen.<\/p>\n\n\n\n<p><strong>The first action weekend will take place from 21 to 22 September in Vienna. <\/strong>On these days we will be out and about all day, meeting up again and again and spreading out. There will be meeting points, material collection points, shared meals and exchanges. Take 1, 2 or 3 days to join many others in preventing the FP\u00d6 from winning the election!<\/p>\n\n\n\n<p><strong>In the following days from 23 to 28 September<\/strong> we'll continue twice a day with short training sessions, discussions, flyer actions and much more! Join in and reserve a time slot now for the final spurt before the election!<\/p>\n\n\n\n<h3 class=\"wp-block-heading\">Do I have to prepare?<\/h3>\n\n\n\n<p><strong>Ideally, you should attend a training session for door-to-door conversations beforehand,<\/strong> but that is not a requirement. You can also just come along to the action weekend and take part in various activities.<br>For the conversation trainings, <a href=\"https:\/\/form.typeform.com\/to\/UDQvGvk6\">here<\/a>. <\/p>\n\n\n\n<h3 class=\"wp-block-heading\">Are there places to sleep? <\/h3>\n\n\n\n<p>If you need a place to sleep in Vienna, send us an email to: wir-gegen-rechts(at)riseup.net. We will be happy to help you find a place to sleep. <\/p>\n\n\n\n<h3 class=\"wp-block-heading\">Can I also just come by for 2 hours? <\/h3>\n\n\n\n<p>Sure, even if you only have a few hours, come along! Let us know when you have time when you register so that we can plan better. <\/p>\n\n\n\n<h3 class=\"wp-block-heading\">How can I help?<\/h3>\n\n\n\n<p>Register now to help us prepare! Do you think the action days are important, but don't have time? <a href=\"https:\/\/www.gofundme.com\/f\/WGR-intensivwoche\">Please support this campaign with your donation! We need \u20ac4,000 for printing and material costs, food and use of the room.<\/a> Short on cash? Spreading the word helps as well! <\/p>\n<\/div><\/div>\n<\/div>\n<\/div>\n<\/div>\n<\/div>\n\n\n\n<h1 class=\"wp-block-heading\">I want to do something (different)!<\/h1>\n\n\n\n<p>Our action days are intended to pool energies - locally and with different activities. At the same time, other options still exist. We* want to support you in becoming active against right-wing extremism in your own way!<\/p>\n\n\n\n<p>You can, for example<\/p>\n\n\n\n<ul class=\"wp-block-list\">\n<li>implement one of our <a href=\"https:\/\/wir-gegen-rechts.at\/en\/was-tun\/#optionen\">50 action ideas<\/a> !<\/li>\n\n\n\n<li>Order <a href=\"https:\/\/wir-gegen-rechts.at\/en\/plakate\/\">posters and stickers<\/a><\/li>\n\n\n\n<li>Download, print, and distribute <a href=\"https:\/\/wir-gegen-rechts.at\/en\/downloads\/\">flyers and materials<\/a><\/li>\n\n\n\n<li> Come to <a href=\"https:\/\/wir-gegen-rechts.at\/en\/events\/\">Events<\/a> and help to mobilize for demonstrations<\/li>\n<\/ul>","protected":false},"excerpt":{"rendered":"<p>Ich will was (anderes) tun! Unsere Aktionstage sollen Energien b\u00fcndeln &#8211; \u00f6rtlich und mit verschiedenen Aktivit\u00e4ten. Gleichzeitig bestehen auch die anderen M\u00f6glichkeiten weiter. Wir* wollen dich dabei unterst\u00fctzen, selbst auf [&hellip;]<\/p>\n","protected":false},"author":2,"featured_media":0,"parent":0,"menu_order":0,"comment_status":"closed","ping_status":"closed","template":"","meta":{"_EventAllDay":false,"_EventTimezone":"","_EventStartDate":"","_EventEndDate":"","_EventStartDateUTC":"","_EventEndDateUTC":"","_EventShowMap":false,"_EventShowMapLink":false,"_EventURL":"","_EventCost":"","_EventCostDescription":"","_EventCurrencySymbol":"","_EventCurrencyCode":"","_EventCurrencyPosition":"","_EventDateTimeSeparator":"","_EventTimeRangeSeparator":"","_EventOrganizerID":[],"_EventVenueID":[],"_OrganizerEmail":"","_OrganizerPhone":"","_OrganizerWebsite":"","_VenueAddress":"","_VenueCity":"","_VenueCountry":"","_VenueProvince":"","_VenueState":"","_VenueZip":"","_VenuePhone":"","_VenueURL":"","_VenueStateProvince":"","_VenueLat":"","_VenueLng":"","_VenueShowMap":false,"_VenueShowMapLink":false,"footnotes":""},"class_list":["post-557","page","type-page","status-publish","hentry"],"_links":{"self":[{"href":"https:\/\/wir-gegen-rechts.at\/en\/wp-json\/wp\/v2\/pages\/557","targetHints":{"allow":["GET"]}}],"collection":[{"href":"https:\/\/wir-gegen-rechts.at\/en\/wp-json\/wp\/v2\/pages"}],"about":[{"href":"https:\/\/wir-gegen-rechts.at\/en\/wp-json\/wp\/v2\/types\/page"}],"author":[{"embeddable":true,"href":"https:\/\/wir-gegen-rechts.at\/en\/wp-json\/wp\/v2\/users\/2"}],"replies":[{"embeddable":true,"href":"https:\/\/wir-gegen-rechts.at\/en\/wp-json\/wp\/v2\/comments?post=557"}],"version-history":[{"count":46,"href":"https:\/\/wir-gegen-rechts.at\/en\/wp-json\/wp\/v2\/pages\/557\/revisions"}],"predecessor-version":[{"id":1362,"href":"https:\/\/wir-gegen-rechts.at\/en\/wp-json\/wp\/v2\/pages\/557\/revisions\/1362"}],"wp:attachment":[{"href":"https:\/\/wir-gegen-rechts.at\/en\/wp-json\/wp\/v2\/media?parent=557"}],"curies":[{"name":"wp","href":"https:\/\/api.w.org\/{rel}","templated":true}]}}